{"id":7,"date":"2021-02-16T20:47:33","date_gmt":"2021-02-16T19:47:33","guid":{"rendered":"http:\/\/www.max.cont1.eu\/?page_id=7"},"modified":"2021-02-24T21:35:44","modified_gmt":"2021-02-24T20:35:44","slug":"a-propos-de","status":"publish","type":"page","link":"https:\/\/www.max.cont1.eu\/index.php\/a-propos-de\/","title":{"rendered":"A propos de nous"},"content":{"rendered":"\t\t<div data-elementor-type=\"wp-page\" data-elementor-id=\"7\" class=\"elementor elementor-7\" data-elementor-settings=\"[]\">\n\t\t\t\t\t\t\t<div class=\"elementor-section-wrap\">\n\t\t\t\t\t\t\t<section class=\"elementor-section elementor-top-section elementor-element elementor-element-84b0b6b elementor-section-boxed elementor-section-height-default elementor-section-height-default\" data-id=\"84b0b6b\" data-element_type=\"section\">\n\t\t\t\t\t\t<div class=\"elementor-container elementor-column-gap-default\">\n\t\t\t\t\t<div class=\"elementor-column elementor-col-100 elementor-top-column elementor-element elementor-element-80f8da2\" data-id=\"80f8da2\" data-element_type=\"column\">\n\t\t\t<div class=\"elementor-widget-wrap elementor-element-populated\">\n\t\t\t\t\t\t\t\t<div class=\"elementor-element elementor-element-9afd9ab elementor-invisible elementor-widget elementor-widget-heading\" data-id=\"9afd9ab\" data-element_type=\"widget\" data-settings=\"{&quot;_animation&quot;:&quot;fadeInLeft&quot;}\" data-widget_type=\"heading.default\">\n\t\t\t\t<div class=\"elementor-widget-container\">\n\t\t\t<h2 class=\"elementor-heading-title elementor-size-xl\">Bienvenue sur notre site<\/h2>\t\t<\/div>\n\t\t\t\t<\/div>\n\t\t\t\t\t<\/div>\n\t\t<\/div>\n\t\t\t\t\t\t\t<\/div>\n\t\t<\/section>\n\t\t\t\t<section class=\"elementor-section elementor-top-section elementor-element elementor-element-6aa77b1 elementor-section-boxed elementor-section-height-default elementor-section-height-default\" data-id=\"6aa77b1\" data-element_type=\"section\">\n\t\t\t\t\t\t<div class=\"elementor-container elementor-column-gap-default\">\n\t\t\t\t\t<div class=\"elementor-column elementor-col-100 elementor-top-column elementor-element elementor-element-2696262\" data-id=\"2696262\" data-element_type=\"column\">\n\t\t\t<div class=\"elementor-widget-wrap elementor-element-populated\">\n\t\t\t\t\t\t\t\t<div class=\"elementor-element elementor-element-ac75a72 elementor-widget elementor-widget-spacer\" data-id=\"ac75a72\" data-element_type=\"widget\" data-widget_type=\"spacer.default\">\n\t\t\t\t<div class=\"elementor-widget-container\">\n\t\t\t\t\t<div class=\"elementor-spacer\">\n\t\t\t<div class=\"elementor-spacer-inner\"><\/div>\n\t\t<\/div>\n\t\t\t\t<\/div>\n\t\t\t\t<\/div>\n\t\t\t\t<div class=\"elementor-element elementor-element-27f7120 elementor-invisible elementor-widget elementor-widget-text-editor\" data-id=\"27f7120\" data-element_type=\"widget\" data-settings=\"{&quot;_animation&quot;:&quot;fadeInDown&quot;}\" data-widget_type=\"text-editor.default\">\n\t\t\t\t<div class=\"elementor-widget-container\">\n\t\t\t\t\t<div class=\"elementor-text-editor elementor-clearfix\"><p>Vous ne savez pas o\u00f9 acheter vos masques ou vous d\u00e9sirez acheter des masques diff\u00e9rents : Vous \u00eates au bon endroit !<\/p><\/div>\n\t\t\t\t<\/div>\n\t\t\t\t<\/div>\n\t\t\t\t<div class=\"elementor-element elementor-element-5fbc199 elementor-invisible elementor-widget elementor-widget-text-editor\" data-id=\"5fbc199\" data-element_type=\"widget\" data-settings=\"{&quot;_animation&quot;:&quot;fadeInDown&quot;}\" data-widget_type=\"text-editor.default\">\n\t\t\t\t<div class=\"elementor-widget-container\">\n\t\t\t\t\t<div class=\"elementor-text-editor elementor-clearfix\"><p>D\u00e9couvrez notre large gamme de masques <strong>chirurgicaux, FFP2 et &#8220;color\u00e9s&#8221;<\/strong><\/p><\/div>\n\t\t\t\t<\/div>\n\t\t\t\t<\/div>\n\t\t\t\t\t<\/div>\n\t\t<\/div>\n\t\t\t\t\t\t\t<\/div>\n\t\t<\/section>\n\t\t\t\t<section class=\"elementor-section elementor-top-section elementor-element elementor-element-954ae10 elementor-section-boxed elementor-section-height-default elementor-section-height-default\" data-id=\"954ae10\" data-element_type=\"section\">\n\t\t\t\t\t\t<div class=\"elementor-container elementor-column-gap-default\">\n\t\t\t\t\t<div class=\"elementor-column elementor-col-100 elementor-top-column elementor-element elementor-element-f7c43c4\" data-id=\"f7c43c4\" data-element_type=\"column\">\n\t\t\t<div class=\"elementor-widget-wrap elementor-element-populated\">\n\t\t\t\t\t\t\t\t<div class=\"elementor-element elementor-element-adc9b2f elementor-align-center elementor-invisible elementor-widget elementor-widget-button\" data-id=\"adc9b2f\" data-element_type=\"widget\" data-settings=\"{&quot;_animation&quot;:&quot;fadeInRight&quot;}\" data-widget_type=\"button.default\">\n\t\t\t\t<div class=\"elementor-widget-container\">\n\t\t\t\t\t<div class=\"elementor-button-wrapper\">\n\t\t\t<a href=\"#\" class=\"elementor-button-link elementor-button elementor-size-sm elementor-animation-grow\" role=\"button\">\n\t\t\t\t\t\t<span class=\"elementor-button-content-wrapper\">\n\t\t\t\t\t\t<span class=\"elementor-button-text\">D\u00e9couvrir<\/span>\n\t\t<\/span>\n\t\t\t\t\t<\/a>\n\t\t<\/div>\n\t\t\t\t<\/div>\n\t\t\t\t<\/div>\n\t\t\t\t\t<\/div>\n\t\t<\/div>\n\t\t\t\t\t\t\t<\/div>\n\t\t<\/section>\n\t\t\t\t<section class=\"elementor-section elementor-top-section elementor-element elementor-element-ba7521f elementor-section-boxed elementor-section-height-default elementor-section-height-default\" data-id=\"ba7521f\" data-element_type=\"section\">\n\t\t\t\t\t\t<div class=\"elementor-container elementor-column-gap-default\">\n\t\t\t\t\t<div class=\"elementor-column elementor-col-100 elementor-top-column elementor-element elementor-element-7adcc7f\" data-id=\"7adcc7f\" data-element_type=\"column\">\n\t\t\t<div class=\"elementor-widget-wrap elementor-element-populated\">\n\t\t\t\t\t\t\t\t<div class=\"elementor-element elementor-element-b59434a elementor-widget elementor-widget-image\" data-id=\"b59434a\" data-element_type=\"widget\" data-widget_type=\"image.default\">\n\t\t\t\t<div class=\"elementor-widget-container\">\n\t\t\t\t\t<div class=\"elementor-image\">\n\t\t\t\t\t\t\t\t\t\t<img width=\"768\" height=\"432\" src=\"https:\/\/www.max.cont1.eu\/wp-content\/uploads\/2021\/02\/cropped-masques-768x432.jpg\" class=\"attachment-medium_large size-medium_large\" alt=\"\" loading=\"lazy\" srcset=\"https:\/\/www.max.cont1.eu\/wp-content\/uploads\/2021\/02\/cropped-masques-768x432.jpg 768w, https:\/\/www.max.cont1.eu\/wp-content\/uploads\/2021\/02\/cropped-masques-600x338.jpg 600w, https:\/\/www.max.cont1.eu\/wp-content\/uploads\/2021\/02\/cropped-masques-300x169.jpg 300w, https:\/\/www.max.cont1.eu\/wp-content\/uploads\/2021\/02\/cropped-masques-1024x576.jpg 1024w, https:\/\/www.max.cont1.eu\/wp-content\/uploads\/2021\/02\/cropped-masques-1536x864.jpg 1536w, https:\/\/www.max.cont1.eu\/wp-content\/uploads\/2021\/02\/cropped-masques.jpg 1920w\" sizes=\"(max-width: 768px) 100vw, 768px\" \/>\t\t\t\t\t\t\t\t\t\t\t<\/div>\n\t\t\t\t<\/div>\n\t\t\t\t<\/div>\n\t\t\t\t\t<\/div>\n\t\t<\/div>\n\t\t\t\t\t\t\t<\/div>\n\t\t<\/section>\n\t\t\t\t\t\t<\/div>\n\t\t\t\t\t<\/div>\n\t\t","protected":false},"excerpt":{"rendered":"<p>Bienvenue sur notre site Vous ne savez pas o\u00f9 acheter vos masques ou vous d\u00e9sirez acheter des masques diff\u00e9rents : Vous \u00eates au bon endroit ! D\u00e9couvrez notre large gamme de masques chirurgicaux, FFP2 et &#8220;color\u00e9s&#8221; D\u00e9couvrir<\/p>\n","protected":false},"author":1,"featured_media":0,"parent":0,"menu_order":0,"comment_status":"closed","ping_status":"closed","template":"","meta":[],"_links":{"self":[{"href":"https:\/\/www.max.cont1.eu\/index.php\/wp-json\/wp\/v2\/pages\/7"}],"collection":[{"href":"https:\/\/www.max.cont1.eu\/index.php\/wp-json\/wp\/v2\/pages"}],"about":[{"href":"https:\/\/www.max.cont1.eu\/index.php\/wp-json\/wp\/v2\/types\/page"}],"author":[{"embeddable":true,"href":"https:\/\/www.max.cont1.eu\/index.php\/wp-json\/wp\/v2\/users\/1"}],"replies":[{"embeddable":true,"href":"https:\/\/www.max.cont1.eu\/index.php\/wp-json\/wp\/v2\/comments?post=7"}],"version-history":[{"count":21,"href":"https:\/\/www.max.cont1.eu\/index.php\/wp-json\/wp\/v2\/pages\/7\/revisions"}],"predecessor-version":[{"id":1698,"href":"https:\/\/www.max.cont1.eu\/index.php\/wp-json\/wp\/v2\/pages\/7\/revisions\/1698"}],"wp:attachment":[{"href":"https:\/\/www.max.cont1.eu\/index.php\/wp-json\/wp\/v2\/media?parent=7"}],"curies":[{"name":"wp","href":"https:\/\/api.w.org\/{rel}","templated":true}]}}